{"id":39,"date":"2025-10-09T21:43:44","date_gmt":"2025-10-09T21:43:44","guid":{"rendered":"https:\/\/maytech.at\/portfolio\/"},"modified":"2025-10-24T10:47:56","modified_gmt":"2025-10-24T10:47:56","slug":"portfolio","status":"publish","type":"page","link":"https:\/\/maytech.at\/de\/portfolio\/","title":{"rendered":"Portfolio"},"content":{"rendered":"<div data-elementor-type=\"wp-page\" data-elementor-id=\"39\" class=\"elementor elementor-39\">\n\t\t\t\t<div class=\"elementor-element elementor-element-63d34850 e-flex e-con-boxed e-con e-parent\" data-id=\"63d34850\" data-element_type=\"container\">\n\t\t\t\t\t<div class=\"e-con-inner\">\n\t\t\t\t<div class=\"elementor-element elementor-element-693a71ea elementor-invisible elementor-widget elementor-widget-heading\" data-id=\"693a71ea\" data-element_type=\"widget\" data-settings=\"{&quot;_animation&quot;:&quot;flash&quot;}\" data-widget_type=\"heading.default\">\n\t\t\t\t\t<h1 class=\"elementor-heading-title elementor-size-default\">Projektportfolio<\/h1>\t\t\t\t<\/div>\n\t\t\t\t<div class=\"elementor-element elementor-element-187cb2d elementor-widget-divider--view-line elementor-widget elementor-widget-divider\" data-id=\"187cb2d\" data-element_type=\"widget\" data-widget_type=\"divider.default\">\n\t\t\t\t\t\t\t<div class=\"elementor-divider\">\n\t\t\t<span class=\"elementor-divider-separator\">\n\t\t\t\t\t\t<\/span>\n\t\t<\/div>\n\t\t\t\t\t\t<\/div>\n\t\t\t\t\t<\/div>\n\t\t\t\t<\/div>\n\t\t<div class=\"elementor-element elementor-element-dc97326 e-flex e-con-boxed elementor-invisible e-con e-parent\" data-id=\"dc97326\" data-element_type=\"container\" data-settings=\"{&quot;animation&quot;:&quot;rotateInDownRight&quot;}\">\n\t\t\t\t\t<div class=\"e-con-inner\">\n\t\t\t\t<div class=\"elementor-element elementor-element-cd183b0 elementor-widget elementor-widget-heading\" data-id=\"cd183b0\" data-element_type=\"widget\" data-widget_type=\"heading.default\">\n\t\t\t\t\t<h2 class=\"elementor-heading-title elementor-size-default\">Aktuelles Projekt<\/h2>\t\t\t\t<\/div>\n\t\t\t\t\t<\/div>\n\t\t\t\t<\/div>\n\t\t<div class=\"elementor-element elementor-element-2660bd9 e-con-full e-flex e-con e-parent\" data-id=\"2660bd9\" data-element_type=\"container\" data-settings=\"{&quot;animation&quot;:&quot;none&quot;}\">\n\t\t<div class=\"elementor-element elementor-element-5fe7776 e-con-full e-flex e-con e-child\" data-id=\"5fe7776\" data-element_type=\"container\" data-settings=\"{&quot;background_background&quot;:&quot;classic&quot;}\">\n\t\t\t\t<div class=\"elementor-element elementor-element-d6b5a03 elementor-invisible elementor-widget elementor-widget-heading\" data-id=\"d6b5a03\" data-element_type=\"widget\" data-settings=\"{&quot;_animation&quot;:&quot;zoomInLeft&quot;}\" data-widget_type=\"heading.default\">\n\t\t\t\t\t<h2 class=\"elementor-heading-title elementor-size-default\">Zeiterfassungsportal<\/h2>\t\t\t\t<\/div>\n\t\t\t\t<div class=\"elementor-element elementor-element-90b1288 elementor-widget__width-initial elementor-invisible elementor-widget elementor-widget-text-editor\" data-id=\"90b1288\" data-element_type=\"widget\" data-settings=\"{&quot;_animation&quot;:&quot;zoomInLeft&quot;}\" data-widget_type=\"text-editor.default\">\n\t\t\t\t\t\t\t\t\t<p><strong>Das  Time Sheet Portal ist eine cloudbasierte Plattform zur Echtzeit-Erfassung von Anwesenheit, Arbeitszeiten und Produktivit\u00e4t der Mitarbeiter. Es wurde mit React, Tailwind und Supabase entwickelt und bietet eine sichere Anmeldung, Funktionen zum Ein- und Ausstempeln sowie Leistungs-Dashboards, auf die \u00fcber Desktop- und Mobilger\u00e4te zugegriffen werden kann. Es wurde im Hinblick auf Effizienz und Transparenz entwickelt und hilft Teams und Managern durch automatisierte Zeiterfassung und Berichterstellung bei der Optimierung der t\u00e4glichen Abl\u00e4ufe.<\/strong><\/p>\t\t\t\t\t\t\t\t<\/div>\n\t\t\t\t<div class=\"elementor-element elementor-element-ac412dd elementor-invisible elementor-widget elementor-widget-image\" data-id=\"ac412dd\" data-element_type=\"widget\" data-settings=\"{&quot;_animation&quot;:&quot;zoomInLeft&quot;}\" data-widget_type=\"image.default\">\n\t\t\t\t\t\t\t\t\t\t\t\t\t\t\t<img fetchpriority=\"high\" decoding=\"async\" width=\"1024\" height=\"598\" src=\"https:\/\/maytech.at\/wp-content\/uploads\/2025\/10\/8eef366c06f17e2c396cc9064bf30f352982995a6193e362a9f7db1a4e31ee35-1-1024x598.png\" class=\"attachment-large size-large wp-image-527\" alt=\"\" srcset=\"https:\/\/maytech.at\/wp-content\/uploads\/2025\/10\/8eef366c06f17e2c396cc9064bf30f352982995a6193e362a9f7db1a4e31ee35-1-1024x598.png 1024w, https:\/\/maytech.at\/wp-content\/uploads\/2025\/10\/8eef366c06f17e2c396cc9064bf30f352982995a6193e362a9f7db1a4e31ee35-1-300x175.png 300w, https:\/\/maytech.at\/wp-content\/uploads\/2025\/10\/8eef366c06f17e2c396cc9064bf30f352982995a6193e362a9f7db1a4e31ee35-1-768x448.png 768w, https:\/\/maytech.at\/wp-content\/uploads\/2025\/10\/8eef366c06f17e2c396cc9064bf30f352982995a6193e362a9f7db1a4e31ee35-1-1536x897.png 1536w, https:\/\/maytech.at\/wp-content\/uploads\/2025\/10\/8eef366c06f17e2c396cc9064bf30f352982995a6193e362a9f7db1a4e31ee35-1-2048x1196.png 2048w\" sizes=\"(max-width: 1024px) 100vw, 1024px\" \/>\t\t\t\t\t\t\t\t\t\t\t\t\t\t\t<\/div>\n\t\t\t\t<\/div>\n\t\t\t\t<\/div>\n\t\t<div class=\"elementor-element elementor-element-2528f45 e-flex e-con-boxed e-con e-parent\" data-id=\"2528f45\" data-element_type=\"container\">\n\t\t\t\t\t<div class=\"e-con-inner\">\n\t\t\t\t<div class=\"elementor-element elementor-element-d1a8c7b elementor-widget elementor-widget-heading\" data-id=\"d1a8c7b\" data-element_type=\"widget\" data-widget_type=\"heading.default\">\n\t\t\t\t\t<h2 class=\"elementor-heading-title elementor-size-default\">Bevorstehendes Projekt<\/h2>\t\t\t\t<\/div>\n\t\t\t\t\t<\/div>\n\t\t\t\t<\/div>\n\t\t<div class=\"elementor-element elementor-element-768502f e-con-full e-flex e-con e-parent\" data-id=\"768502f\" data-element_type=\"container\">\n\t\t<div class=\"elementor-element elementor-element-aacb4e8 e-con-full e-flex e-con e-child\" data-id=\"aacb4e8\" data-element_type=\"container\" data-settings=\"{&quot;background_background&quot;:&quot;classic&quot;}\">\n\t\t\t\t<div class=\"elementor-element elementor-element-85c0196 elementor-invisible elementor-widget elementor-widget-heading\" data-id=\"85c0196\" data-element_type=\"widget\" data-settings=\"{&quot;_animation&quot;:&quot;zoomInLeft&quot;}\" data-widget_type=\"heading.default\">\n\t\t\t\t\t<h2 class=\"elementor-heading-title elementor-size-default\">DiaTwin.ai<\/h2>\t\t\t\t<\/div>\n\t\t\t\t<div class=\"elementor-element elementor-element-086b664 elementor-invisible elementor-widget elementor-widget-text-editor\" data-id=\"086b664\" data-element_type=\"widget\" data-settings=\"{&quot;_animation&quot;:&quot;zoomInLeft&quot;}\" data-widget_type=\"text-editor.default\">\n\t\t\t\t\t\t\t\t\t<p><strong>DiaTwin ist ein KI-gest\u00fctztes Diabetes-Management-\u00d6kosystem, das von Maytech IT Solutions entwickelt wurde, um die Versorgung von reaktiv zu pr\u00e4diktiv zu ver\u00e4ndern. Die Plattform kombiniert einen personalisierten digitalen Zwilling des Glukose-Insulin-Systems jedes Patienten mit einem adaptiven Insulinberater, der sich anhand von Mahlzeiten, Aktivit\u00e4ten, Stress und Schlafmustern anpasst.<\/strong><\/p>\t\t\t\t\t\t\t\t<\/div>\n\t\t\t\t<div class=\"elementor-element elementor-element-65ca75d elementor-hidden-desktop elementor-hidden-tablet elementor-hidden-mobile elementor-widget elementor-widget-image\" data-id=\"65ca75d\" data-element_type=\"widget\" data-widget_type=\"image.default\">\n\t\t\t\t\t\t\t\t\t\t\t\t\t\t\t<img fetchpriority=\"high\" decoding=\"async\" width=\"1024\" height=\"598\" src=\"https:\/\/maytech.at\/wp-content\/uploads\/2025\/10\/8eef366c06f17e2c396cc9064bf30f352982995a6193e362a9f7db1a4e31ee35-1-1024x598.png\" class=\"attachment-large size-large wp-image-527\" alt=\"\" srcset=\"https:\/\/maytech.at\/wp-content\/uploads\/2025\/10\/8eef366c06f17e2c396cc9064bf30f352982995a6193e362a9f7db1a4e31ee35-1-1024x598.png 1024w, https:\/\/maytech.at\/wp-content\/uploads\/2025\/10\/8eef366c06f17e2c396cc9064bf30f352982995a6193e362a9f7db1a4e31ee35-1-300x175.png 300w, https:\/\/maytech.at\/wp-content\/uploads\/2025\/10\/8eef366c06f17e2c396cc9064bf30f352982995a6193e362a9f7db1a4e31ee35-1-768x448.png 768w, https:\/\/maytech.at\/wp-content\/uploads\/2025\/10\/8eef366c06f17e2c396cc9064bf30f352982995a6193e362a9f7db1a4e31ee35-1-1536x897.png 1536w, https:\/\/maytech.at\/wp-content\/uploads\/2025\/10\/8eef366c06f17e2c396cc9064bf30f352982995a6193e362a9f7db1a4e31ee35-1-2048x1196.png 2048w\" sizes=\"(max-width: 1024px) 100vw, 1024px\" \/>\t\t\t\t\t\t\t\t\t\t\t\t\t\t\t<\/div>\n\t\t\t\t<\/div>\n\t\t\t\t<\/div>\n\t\t<div class=\"elementor-element elementor-element-f57a909 e-con-full elementor-hidden-desktop elementor-hidden-tablet elementor-hidden-mobile e-flex e-con e-parent\" data-id=\"f57a909\" data-element_type=\"container\" data-settings=\"{&quot;background_background&quot;:&quot;classic&quot;}\">\n\t\t<div class=\"elementor-element elementor-element-14bb2cb1 e-con-full e-flex e-con e-child\" data-id=\"14bb2cb1\" data-element_type=\"container\">\n\t\t\t\t<div class=\"elementor-element elementor-element-7cddb57a elementor-widget elementor-widget-heading\" data-id=\"7cddb57a\" data-element_type=\"widget\" data-widget_type=\"heading.default\">\n\t\t\t\t\t<h2 class=\"elementor-heading-title elementor-size-default\">Ein Titel, der den Besucher dazu bringt, Sie zu kontaktieren<\/h2>\t\t\t\t<\/div>\n\t\t\t\t<div class=\"elementor-element elementor-element-5e1de9f7 elementor-widget elementor-widget-text-editor\" data-id=\"5e1de9f7\" data-element_type=\"widget\" data-widget_type=\"text-editor.default\">\n\t\t\t\t\t\t\t\t\t<p>Dies ist Ihre Chance zu betonen, warum der Besucher Sie gerade jetzt kontaktieren sollte.<\/p>\t\t\t\t\t\t\t\t<\/div>\n\t\t\t\t<div class=\"elementor-element elementor-element-5bb73fdf elementor-invisible elementor-widget elementor-widget-button\" data-id=\"5bb73fdf\" data-element_type=\"widget\" data-settings=\"{&quot;_animation&quot;:&quot;fadeInDown&quot;}\" data-widget_type=\"button.default\">\n\t\t\t\t\t\t\t\t\t\t<a class=\"elementor-button elementor-button-link elementor-size-sm\" href=\"https:\/\/library.elementor.com\/portfolio-wireframe-2-flexbox\/contact\/\" target=\"_blank\" rel=\"noopener\">\n\t\t\t\t\t\t<span class=\"elementor-button-content-wrapper\">\n\t\t\t\t\t\t\t\t\t<span class=\"elementor-button-text\">Kontakt aufnehmen<\/span>\n\t\t\t\t\t<\/span>\n\t\t\t\t\t<\/a>\n\t\t\t\t\t\t\t\t<\/div>\n\t\t\t\t<\/div>\n\t\t<div class=\"elementor-element elementor-element-3231a33b e-con-full e-flex e-con e-child\" data-id=\"3231a33b\" data-element_type=\"container\">\n\t\t\t\t<div class=\"elementor-element elementor-element-3bebec3c elementor-widget elementor-widget-image\" data-id=\"3bebec3c\" data-element_type=\"widget\" data-widget_type=\"image.default\">\n\t\t\t\t\t\t\t\t\t\t\t\t\t\t\t<img decoding=\"async\" width=\"683\" height=\"600\" src=\"https:\/\/maytech.at\/wp-content\/uploads\/2025\/10\/Image_Placeholder-13122021.jpg\" class=\"attachment-full size-full wp-image-35\" alt=\"\" srcset=\"https:\/\/maytech.at\/wp-content\/uploads\/2025\/10\/Image_Placeholder-13122021.jpg 683w, https:\/\/maytech.at\/wp-content\/uploads\/2025\/10\/Image_Placeholder-13122021-300x264.jpg 300w\" sizes=\"(max-width: 683px) 100vw, 683px\" \/>\t\t\t\t\t\t\t\t\t\t\t\t\t\t\t<\/div>\n\t\t\t\t<\/div>\n\t\t\t\t<\/div>\n\t\t\t\t<\/div>","protected":false},"excerpt":{"rendered":"<p>Project Portfolio Recent Project Time Sheet Portal The\u00a0 Time Sheet Portal is a cloud-based platform for tracking employee attendance, work hours, and productivity in real time. Built with React, Tailwind, and Supabase, it offers secure login, clock-in\/out features, and performance dashboards accessible across desktop and mobile devices. Designed for efficiency and transparency, it helps teams [&hellip;]<\/p>","protected":false},"author":1,"featured_media":51,"parent":0,"menu_order":0,"comment_status":"closed","ping_status":"closed","template":"elementor_header_footer","meta":{"_uag_custom_page_level_css":"","footnotes":""},"class_list":["post-39","page","type-page","status-publish","has-post-thumbnail","hentry"],"yoast_head":"<!-- This site is optimized with the Yoast SEO plugin v26.1.1 - https:\/\/yoast.com\/wordpress\/plugins\/seo\/ -->\n<title>Portfolio - Maytech<\/title>\n<meta name=\"robots\" content=\"index, follow, max-snippet:-1, max-image-preview:large, max-video-preview:-1\" \/>\n<link rel=\"canonical\" href=\"https:\/\/maytech.at\/de\/portfolio\/\" \/>\n<meta property=\"og:locale\" content=\"de_DE\" \/>\n<meta property=\"og:type\" content=\"article\" \/>\n<meta property=\"og:title\" content=\"Portfolio - Maytech\" \/>\n<meta property=\"og:description\" content=\"Project Portfolio Recent Project Time Sheet Portal The\u00a0 Time Sheet Portal is a cloud-based platform for tracking employee attendance, work hours, and productivity in real time. Built with React, Tailwind, and Supabase, it offers secure login, clock-in\/out features, and performance dashboards accessible across desktop and mobile devices. Designed for efficiency and transparency, it helps teams [&hellip;]\" \/>\n<meta property=\"og:url\" content=\"https:\/\/maytech.at\/de\/portfolio\/\" \/>\n<meta property=\"og:site_name\" content=\"Maytech\" \/>\n<meta property=\"article:modified_time\" content=\"2025-10-24T10:47:56+00:00\" \/>\n<meta property=\"og:image\" content=\"https:\/\/maytech.at\/wp-content\/uploads\/2025\/10\/Portfolio-400_380.jpg\" \/>\n\t<meta property=\"og:image:width\" content=\"400\" \/>\n\t<meta property=\"og:image:height\" content=\"380\" \/>\n\t<meta property=\"og:image:type\" content=\"image\/jpeg\" \/>\n<meta name=\"twitter:card\" content=\"summary_large_image\" \/>\n<meta name=\"twitter:label1\" content=\"Gesch\u00e4tzte Lesezeit\" \/>\n\t<meta name=\"twitter:data1\" content=\"1 Minute\" \/>\n<script type=\"application\/ld+json\" class=\"yoast-schema-graph\">{\"@context\":\"https:\/\/schema.org\",\"@graph\":[{\"@type\":\"WebPage\",\"@id\":\"https:\/\/maytech.at\/portfolio\/\",\"url\":\"https:\/\/maytech.at\/portfolio\/\",\"name\":\"Portfolio - Maytech\",\"isPartOf\":{\"@id\":\"https:\/\/maytech.at\/#website\"},\"primaryImageOfPage\":{\"@id\":\"https:\/\/maytech.at\/portfolio\/#primaryimage\"},\"image\":{\"@id\":\"https:\/\/maytech.at\/portfolio\/#primaryimage\"},\"thumbnailUrl\":\"https:\/\/maytech.at\/wp-content\/uploads\/2025\/10\/Portfolio-400_380.jpg\",\"datePublished\":\"2025-10-09T21:43:44+00:00\",\"dateModified\":\"2025-10-24T10:47:56+00:00\",\"breadcrumb\":{\"@id\":\"https:\/\/maytech.at\/portfolio\/#breadcrumb\"},\"inLanguage\":\"de-AT\",\"potentialAction\":[{\"@type\":\"ReadAction\",\"target\":[\"https:\/\/maytech.at\/portfolio\/\"]}]},{\"@type\":\"ImageObject\",\"inLanguage\":\"de-AT\",\"@id\":\"https:\/\/maytech.at\/portfolio\/#primaryimage\",\"url\":\"https:\/\/maytech.at\/wp-content\/uploads\/2025\/10\/Portfolio-400_380.jpg\",\"contentUrl\":\"https:\/\/maytech.at\/wp-content\/uploads\/2025\/10\/Portfolio-400_380.jpg\",\"width\":400,\"height\":380},{\"@type\":\"BreadcrumbList\",\"@id\":\"https:\/\/maytech.at\/portfolio\/#breadcrumb\",\"itemListElement\":[{\"@type\":\"ListItem\",\"position\":1,\"name\":\"Home\",\"item\":\"https:\/\/maytech.at\/\"},{\"@type\":\"ListItem\",\"position\":2,\"name\":\"Portfolio\"}]},{\"@type\":\"WebSite\",\"@id\":\"https:\/\/maytech.at\/#website\",\"url\":\"https:\/\/maytech.at\/\",\"name\":\"Maytech\",\"description\":\"\",\"potentialAction\":[{\"@type\":\"SearchAction\",\"target\":{\"@type\":\"EntryPoint\",\"urlTemplate\":\"https:\/\/maytech.at\/?s={search_term_string}\"},\"query-input\":{\"@type\":\"PropertyValueSpecification\",\"valueRequired\":true,\"valueName\":\"search_term_string\"}}],\"inLanguage\":\"de-AT\"}]}<\/script>\n<!-- \/ Yoast SEO plugin. -->","yoast_head_json":{"title":"Portfolio - Maytech","robots":{"index":"index","follow":"follow","max-snippet":"max-snippet:-1","max-image-preview":"max-image-preview:large","max-video-preview":"max-video-preview:-1"},"canonical":"https:\/\/maytech.at\/de\/portfolio\/","og_locale":"de_DE","og_type":"article","og_title":"Portfolio - Maytech","og_description":"Project Portfolio Recent Project Time Sheet Portal The\u00a0 Time Sheet Portal is a cloud-based platform for tracking employee attendance, work hours, and productivity in real time. Built with React, Tailwind, and Supabase, it offers secure login, clock-in\/out features, and performance dashboards accessible across desktop and mobile devices. Designed for efficiency and transparency, it helps teams [&hellip;]","og_url":"https:\/\/maytech.at\/de\/portfolio\/","og_site_name":"Maytech","article_modified_time":"2025-10-24T10:47:56+00:00","og_image":[{"width":400,"height":380,"url":"https:\/\/maytech.at\/wp-content\/uploads\/2025\/10\/Portfolio-400_380.jpg","type":"image\/jpeg"}],"twitter_card":"summary_large_image","twitter_misc":{"Gesch\u00e4tzte Lesezeit":"1 Minute"},"schema":{"@context":"https:\/\/schema.org","@graph":[{"@type":"WebPage","@id":"https:\/\/maytech.at\/portfolio\/","url":"https:\/\/maytech.at\/portfolio\/","name":"Portfolio - Maytech","isPartOf":{"@id":"https:\/\/maytech.at\/#website"},"primaryImageOfPage":{"@id":"https:\/\/maytech.at\/portfolio\/#primaryimage"},"image":{"@id":"https:\/\/maytech.at\/portfolio\/#primaryimage"},"thumbnailUrl":"https:\/\/maytech.at\/wp-content\/uploads\/2025\/10\/Portfolio-400_380.jpg","datePublished":"2025-10-09T21:43:44+00:00","dateModified":"2025-10-24T10:47:56+00:00","breadcrumb":{"@id":"https:\/\/maytech.at\/portfolio\/#breadcrumb"},"inLanguage":"de-AT","potentialAction":[{"@type":"ReadAction","target":["https:\/\/maytech.at\/portfolio\/"]}]},{"@type":"ImageObject","inLanguage":"de-AT","@id":"https:\/\/maytech.at\/portfolio\/#primaryimage","url":"https:\/\/maytech.at\/wp-content\/uploads\/2025\/10\/Portfolio-400_380.jpg","contentUrl":"https:\/\/maytech.at\/wp-content\/uploads\/2025\/10\/Portfolio-400_380.jpg","width":400,"height":380},{"@type":"BreadcrumbList","@id":"https:\/\/maytech.at\/portfolio\/#breadcrumb","itemListElement":[{"@type":"ListItem","position":1,"name":"Home","item":"https:\/\/maytech.at\/"},{"@type":"ListItem","position":2,"name":"Portfolio"}]},{"@type":"WebSite","@id":"https:\/\/maytech.at\/#website","url":"https:\/\/maytech.at\/","name":"Maytech","description":"","potentialAction":[{"@type":"SearchAction","target":{"@type":"EntryPoint","urlTemplate":"https:\/\/maytech.at\/?s={search_term_string}"},"query-input":{"@type":"PropertyValueSpecification","valueRequired":true,"valueName":"search_term_string"}}],"inLanguage":"de-AT"}]}},"uagb_featured_image_src":{"full":["https:\/\/maytech.at\/wp-content\/uploads\/2025\/10\/Portfolio-400_380.jpg",400,380,false],"thumbnail":["https:\/\/maytech.at\/wp-content\/uploads\/2025\/10\/Portfolio-400_380-150x150.jpg",150,150,true],"medium":["https:\/\/maytech.at\/wp-content\/uploads\/2025\/10\/Portfolio-400_380-300x285.jpg",300,285,true],"medium_large":["https:\/\/maytech.at\/wp-content\/uploads\/2025\/10\/Portfolio-400_380.jpg",400,380,false],"large":["https:\/\/maytech.at\/wp-content\/uploads\/2025\/10\/Portfolio-400_380.jpg",400,380,false],"1536x1536":["https:\/\/maytech.at\/wp-content\/uploads\/2025\/10\/Portfolio-400_380.jpg",400,380,false],"2048x2048":["https:\/\/maytech.at\/wp-content\/uploads\/2025\/10\/Portfolio-400_380.jpg",400,380,false],"trp-custom-language-flag":["https:\/\/maytech.at\/wp-content\/uploads\/2025\/10\/Portfolio-400_380.jpg",13,12,false]},"uagb_author_info":{"display_name":"Maytech","author_link":"https:\/\/maytech.at\/de\/author\/maytech\/"},"uagb_comment_info":0,"uagb_excerpt":"Project Portfolio Recent Project Time Sheet Portal The\u00a0 Time Sheet Portal is a cloud-based platform for tracking employee attendance, work hours, and productivity in real time. Built with React, Tailwind, and Supabase, it offers secure login, clock-in\/out features, and performance dashboards accessible across desktop and mobile devices. Designed for efficiency and transparency, it helps teams&hellip;","_links":{"self":[{"href":"https:\/\/maytech.at\/de\/wp-json\/wp\/v2\/pages\/39","targetHints":{"allow":["GET"]}}],"collection":[{"href":"https:\/\/maytech.at\/de\/wp-json\/wp\/v2\/pages"}],"about":[{"href":"https:\/\/maytech.at\/de\/wp-json\/wp\/v2\/types\/page"}],"author":[{"embeddable":true,"href":"https:\/\/maytech.at\/de\/wp-json\/wp\/v2\/users\/1"}],"replies":[{"embeddable":true,"href":"https:\/\/maytech.at\/de\/wp-json\/wp\/v2\/comments?post=39"}],"version-history":[{"count":76,"href":"https:\/\/maytech.at\/de\/wp-json\/wp\/v2\/pages\/39\/revisions"}],"predecessor-version":[{"id":1105,"href":"https:\/\/maytech.at\/de\/wp-json\/wp\/v2\/pages\/39\/revisions\/1105"}],"wp:featuredmedia":[{"embeddable":true,"href":"https:\/\/maytech.at\/de\/wp-json\/wp\/v2\/media\/51"}],"wp:attachment":[{"href":"https:\/\/maytech.at\/de\/wp-json\/wp\/v2\/media?parent=39"}],"curies":[{"name":"wp","href":"https:\/\/api.w.org\/{rel}","templated":true}]}}