{"id":33,"date":"2025-10-09T21:43:34","date_gmt":"2025-10-09T21:43:34","guid":{"rendered":"https:\/\/maytech.at\/about\/"},"modified":"2026-02-16T05:18:12","modified_gmt":"2026-02-16T05:18:12","slug":"about","status":"publish","type":"page","link":"https:\/\/maytech.at\/de\/about\/","title":{"rendered":"\u00dcber"},"content":{"rendered":"<div data-elementor-type=\"wp-page\" data-elementor-id=\"33\" class=\"elementor elementor-33\">\n\t\t\t\t<div class=\"elementor-element elementor-element-1317c08f e-con-full e-transform e-flex e-con e-parent\" data-id=\"1317c08f\" data-element_type=\"container\" data-settings=\"{&quot;background_background&quot;:&quot;classic&quot;,&quot;_transform_rotateZ_effect_hover&quot;:{&quot;unit&quot;:&quot;px&quot;,&quot;size&quot;:&quot;&quot;,&quot;sizes&quot;:[]},&quot;_transform_rotateZ_effect_hover_tablet&quot;:{&quot;unit&quot;:&quot;deg&quot;,&quot;size&quot;:&quot;&quot;,&quot;sizes&quot;:[]},&quot;_transform_rotateZ_effect_hover_mobile&quot;:{&quot;unit&quot;:&quot;deg&quot;,&quot;size&quot;:&quot;&quot;,&quot;sizes&quot;:[]}}\">\n\t\t<div class=\"elementor-element elementor-element-6bf3945e e-con-full e-flex e-con e-child\" data-id=\"6bf3945e\" data-element_type=\"container\">\n\t\t<div class=\"elementor-element elementor-element-9913461 e-grid e-con-boxed e-con e-child\" data-id=\"9913461\" data-element_type=\"container\">\n\t\t\t\t\t<div class=\"e-con-inner\">\n\t\t\t\t<div class=\"elementor-element elementor-element-4be6343 elementor-widget elementor-widget-heading\" data-id=\"4be6343\" data-element_type=\"widget\" data-widget_type=\"heading.default\">\n\t\t\t\t\t<h2 class=\"elementor-heading-title elementor-size-default\">\u00dcber uns<\/h2>\t\t\t\t<\/div>\n\t\t\t\t\t<\/div>\n\t\t\t\t<\/div>\n\t\t<div class=\"elementor-element elementor-element-2236051 e-grid e-con-full e-con e-child\" data-id=\"2236051\" data-element_type=\"container\" data-settings=\"{&quot;background_background&quot;:&quot;classic&quot;}\">\n\t\t\t\t<div class=\"elementor-element elementor-element-90d0928 elementor-widget elementor-widget-text-editor\" data-id=\"90d0928\" data-element_type=\"widget\" data-widget_type=\"text-editor.default\">\n\t\t\t\t\t\t\t\t\t<h4>Unsere Mission<\/h4><p>Unternehmen jeder Gr\u00f6\u00dfe sollen Zugang zu IT- und Softwarel\u00f6sungen auf Unternehmensebene erhalten, die sicher und skalierbar sind, damit sie sich auf Innovation und Ergebnisse konzentrieren k\u00f6nnen.<\/p>\t\t\t\t\t\t\t\t<\/div>\n\t\t\t\t<div class=\"elementor-element elementor-element-ab1b048 elementor-widget elementor-widget-text-editor\" data-id=\"ab1b048\" data-element_type=\"widget\" data-widget_type=\"text-editor.default\">\n\t\t\t\t\t\t\t\t\t<h4>Unsere Vision<\/h4><p>Ein vertrauensw\u00fcrdiger europ\u00e4ischer Marktf\u00fchrer in den Bereichen IT-Modernisierung, Cybersicherheit und intelligente Softwarel\u00f6sungen zu werden und dabei die digitale Transformation zwischen Europa und Afrika zu f\u00f6rdern.<\/p>\t\t\t\t\t\t\t\t<\/div>\n\t\t\t\t<\/div>\n\t\t\t\t<\/div>\n\t\t\t\t<\/div>\n\t\t<div class=\"elementor-element elementor-element-f7ef935 e-con-full e-flex e-con e-parent\" data-id=\"f7ef935\" data-element_type=\"container\" data-settings=\"{&quot;background_background&quot;:&quot;classic&quot;}\">\n\t\t<div class=\"elementor-element elementor-element-6c40c84 e-con-full e-flex elementor-invisible e-con e-child\" data-id=\"6c40c84\" data-element_type=\"container\" data-settings=\"{&quot;background_background&quot;:&quot;classic&quot;,&quot;animation&quot;:&quot;bounceIn&quot;}\">\n\t\t<div class=\"elementor-element elementor-element-1e3859b e-con-full e-flex e-con e-child\" data-id=\"1e3859b\" data-element_type=\"container\">\n\t\t\t\t<div class=\"elementor-element elementor-element-1909442 elementor-invisible elementor-widget elementor-widget-heading\" data-id=\"1909442\" data-element_type=\"widget\" data-settings=\"{&quot;_animation&quot;:&quot;zoomInLeft&quot;}\" data-widget_type=\"heading.default\">\n\t\t\t\t\t<h2 class=\"elementor-heading-title elementor-size-default\">Unsere Start-up-Ziele<\/h2>\t\t\t\t<\/div>\n\t\t\t\t<\/div>\n\t\t\t\t<div class=\"elementor-element elementor-element-1370cf2 elementor-invisible elementor-widget elementor-widget-text-editor\" data-id=\"1370cf2\" data-element_type=\"widget\" data-settings=\"{&quot;_animation&quot;:&quot;zoomInRight&quot;}\" data-widget_type=\"text-editor.default\">\n\t\t\t\t\t\t\t\t\t<p><span data-teams=\"true\">Entwickeln Sie innovative Cloud-basierte Softwareprodukte<\/span><\/p><p><span data-teams=\"true\">Maytech-L\u00f6sungen in ganz Europa und Afrika skalieren<\/span><\/p><p><span data-teams=\"true\">Lead in secure, automation-driven IT<\/span><\/p><p><span data-teams=\"true\">Ein erstklassiges Ingenieurteam aufbauen<\/span><\/p><p><span data-teams=\"true\">Die digitale Transformation f\u00fcr KMU weltweit vorantreiben<\/span><\/p>\t\t\t\t\t\t\t\t<\/div>\n\t\t\t\t<\/div>\n\t\t\t\t<\/div>\n\t\t<div class=\"elementor-element elementor-element-3ad6424 e-con-full e-flex e-con e-parent\" data-id=\"3ad6424\" data-element_type=\"container\" data-settings=\"{&quot;background_background&quot;:&quot;classic&quot;}\">\n\t\t<div class=\"elementor-element elementor-element-f86a9a3 e-con-full e-flex elementor-invisible e-con e-child\" data-id=\"f86a9a3\" data-element_type=\"container\" data-settings=\"{&quot;background_background&quot;:&quot;classic&quot;,&quot;animation&quot;:&quot;bounceIn&quot;}\">\n\t\t<div class=\"elementor-element elementor-element-8c593a9 e-con-full e-flex e-con e-child\" data-id=\"8c593a9\" data-element_type=\"container\">\n\t\t\t\t<div class=\"elementor-element elementor-element-e9d97f3 elementor-invisible elementor-widget elementor-widget-heading\" data-id=\"e9d97f3\" data-element_type=\"widget\" data-settings=\"{&quot;_animation&quot;:&quot;zoomInLeft&quot;}\" data-widget_type=\"heading.default\">\n\t\t\t\t\t<h2 class=\"elementor-heading-title elementor-size-default\">Warum Sie sich f\u00fcr uns entscheiden sollten<\/h2>\t\t\t\t<\/div>\n\t\t\t\t<\/div>\n\t\t\t\t<div class=\"elementor-element elementor-element-a77ce98 elementor-invisible elementor-widget elementor-widget-text-editor\" data-id=\"a77ce98\" data-element_type=\"widget\" data-settings=\"{&quot;_animation&quot;:&quot;zoomInRight&quot;}\" data-widget_type=\"text-editor.default\">\n\t\t\t\t\t\t\t\t\t<p>Geschwindigkeit ohne Kompromisse<\/p><p>Umfassende Fachkenntnisse in Microsoft 365 und Azure<\/p><p>Ma\u00dfgeschneiderte Software, die sich in Ihren Arbeitsablauf integrieren l\u00e4sst<\/p><p>Transparente Preisgestaltung und Prozessdokumentation<\/p><p>Lokale Pr\u00e4senz in \u00d6sterreich, globale Remote-F\u00e4higkeiten<\/p>\t\t\t\t\t\t\t\t<\/div>\n\t\t\t\t<\/div>\n\t\t\t\t<\/div>\n\t\t\t\t<\/div>","protected":false},"excerpt":{"rendered":"<p>About Us Our Mission To make enterprise-level IT and software solutions accessible, secure, and scalable for businesses of all sizes\u00a0 empowering them to focus on innovation and results. Our Vision To become a trusted European leader in IT modernization, cybersecurity, and intelligent software solutions, bridging digital transformation between Europe and Africa. Our Startup Goals Build [&hellip;]<\/p>","protected":false},"author":1,"featured_media":38,"parent":0,"menu_order":0,"comment_status":"closed","ping_status":"closed","template":"elementor_header_footer","meta":{"_uag_custom_page_level_css":"","footnotes":""},"class_list":["post-33","page","type-page","status-publish","has-post-thumbnail","hentry"],"yoast_head":"<!-- This site is optimized with the Yoast SEO plugin v26.1.1 - https:\/\/yoast.com\/wordpress\/plugins\/seo\/ -->\n<title>About - Maytech<\/title>\n<meta name=\"robots\" content=\"index, follow, max-snippet:-1, max-image-preview:large, max-video-preview:-1\" \/>\n<link rel=\"canonical\" href=\"https:\/\/maytech.at\/de\/about\/\" \/>\n<meta property=\"og:locale\" content=\"de_DE\" \/>\n<meta property=\"og:type\" content=\"article\" \/>\n<meta property=\"og:title\" content=\"About - Maytech\" \/>\n<meta property=\"og:description\" content=\"About Us Our Mission To make enterprise-level IT and software solutions accessible, secure, and scalable for businesses of all sizes\u00a0 empowering them to focus on innovation and results. Our Vision To become a trusted European leader in IT modernization, cybersecurity, and intelligent software solutions, bridging digital transformation between Europe and Africa. Our Startup Goals Build [&hellip;]\" \/>\n<meta property=\"og:url\" content=\"https:\/\/maytech.at\/de\/about\/\" \/>\n<meta property=\"og:site_name\" content=\"Maytech\" \/>\n<meta property=\"article:modified_time\" content=\"2026-02-16T05:18:12+00:00\" \/>\n<meta property=\"og:image\" content=\"https:\/\/maytech.at\/wp-content\/uploads\/2025\/10\/About-400_380.jpg\" \/>\n\t<meta property=\"og:image:width\" content=\"400\" \/>\n\t<meta property=\"og:image:height\" content=\"380\" \/>\n\t<meta property=\"og:image:type\" content=\"image\/jpeg\" \/>\n<meta name=\"twitter:card\" content=\"summary_large_image\" \/>\n<meta name=\"twitter:label1\" content=\"Gesch\u00e4tzte Lesezeit\" \/>\n\t<meta name=\"twitter:data1\" content=\"1 Minute\" \/>\n<script type=\"application\/ld+json\" class=\"yoast-schema-graph\">{\"@context\":\"https:\/\/schema.org\",\"@graph\":[{\"@type\":\"WebPage\",\"@id\":\"https:\/\/maytech.at\/about\/\",\"url\":\"https:\/\/maytech.at\/about\/\",\"name\":\"About - Maytech\",\"isPartOf\":{\"@id\":\"https:\/\/maytech.at\/#website\"},\"primaryImageOfPage\":{\"@id\":\"https:\/\/maytech.at\/about\/#primaryimage\"},\"image\":{\"@id\":\"https:\/\/maytech.at\/about\/#primaryimage\"},\"thumbnailUrl\":\"https:\/\/maytech.at\/wp-content\/uploads\/2025\/10\/About-400_380.jpg\",\"datePublished\":\"2025-10-09T21:43:34+00:00\",\"dateModified\":\"2026-02-16T05:18:12+00:00\",\"breadcrumb\":{\"@id\":\"https:\/\/maytech.at\/about\/#breadcrumb\"},\"inLanguage\":\"de-AT\",\"potentialAction\":[{\"@type\":\"ReadAction\",\"target\":[\"https:\/\/maytech.at\/about\/\"]}]},{\"@type\":\"ImageObject\",\"inLanguage\":\"de-AT\",\"@id\":\"https:\/\/maytech.at\/about\/#primaryimage\",\"url\":\"https:\/\/maytech.at\/wp-content\/uploads\/2025\/10\/About-400_380.jpg\",\"contentUrl\":\"https:\/\/maytech.at\/wp-content\/uploads\/2025\/10\/About-400_380.jpg\",\"width\":400,\"height\":380},{\"@type\":\"BreadcrumbList\",\"@id\":\"https:\/\/maytech.at\/about\/#breadcrumb\",\"itemListElement\":[{\"@type\":\"ListItem\",\"position\":1,\"name\":\"Home\",\"item\":\"https:\/\/maytech.at\/\"},{\"@type\":\"ListItem\",\"position\":2,\"name\":\"About\"}]},{\"@type\":\"WebSite\",\"@id\":\"https:\/\/maytech.at\/#website\",\"url\":\"https:\/\/maytech.at\/\",\"name\":\"Maytech\",\"description\":\"\",\"potentialAction\":[{\"@type\":\"SearchAction\",\"target\":{\"@type\":\"EntryPoint\",\"urlTemplate\":\"https:\/\/maytech.at\/?s={search_term_string}\"},\"query-input\":{\"@type\":\"PropertyValueSpecification\",\"valueRequired\":true,\"valueName\":\"search_term_string\"}}],\"inLanguage\":\"de-AT\"}]}<\/script>\n<!-- \/ Yoast SEO plugin. -->","yoast_head_json":{"title":"About - Maytech","robots":{"index":"index","follow":"follow","max-snippet":"max-snippet:-1","max-image-preview":"max-image-preview:large","max-video-preview":"max-video-preview:-1"},"canonical":"https:\/\/maytech.at\/de\/about\/","og_locale":"de_DE","og_type":"article","og_title":"About - Maytech","og_description":"About Us Our Mission To make enterprise-level IT and software solutions accessible, secure, and scalable for businesses of all sizes\u00a0 empowering them to focus on innovation and results. Our Vision To become a trusted European leader in IT modernization, cybersecurity, and intelligent software solutions, bridging digital transformation between Europe and Africa. Our Startup Goals Build [&hellip;]","og_url":"https:\/\/maytech.at\/de\/about\/","og_site_name":"Maytech","article_modified_time":"2026-02-16T05:18:12+00:00","og_image":[{"width":400,"height":380,"url":"https:\/\/maytech.at\/wp-content\/uploads\/2025\/10\/About-400_380.jpg","type":"image\/jpeg"}],"twitter_card":"summary_large_image","twitter_misc":{"Gesch\u00e4tzte Lesezeit":"1 Minute"},"schema":{"@context":"https:\/\/schema.org","@graph":[{"@type":"WebPage","@id":"https:\/\/maytech.at\/about\/","url":"https:\/\/maytech.at\/about\/","name":"About - Maytech","isPartOf":{"@id":"https:\/\/maytech.at\/#website"},"primaryImageOfPage":{"@id":"https:\/\/maytech.at\/about\/#primaryimage"},"image":{"@id":"https:\/\/maytech.at\/about\/#primaryimage"},"thumbnailUrl":"https:\/\/maytech.at\/wp-content\/uploads\/2025\/10\/About-400_380.jpg","datePublished":"2025-10-09T21:43:34+00:00","dateModified":"2026-02-16T05:18:12+00:00","breadcrumb":{"@id":"https:\/\/maytech.at\/about\/#breadcrumb"},"inLanguage":"de-AT","potentialAction":[{"@type":"ReadAction","target":["https:\/\/maytech.at\/about\/"]}]},{"@type":"ImageObject","inLanguage":"de-AT","@id":"https:\/\/maytech.at\/about\/#primaryimage","url":"https:\/\/maytech.at\/wp-content\/uploads\/2025\/10\/About-400_380.jpg","contentUrl":"https:\/\/maytech.at\/wp-content\/uploads\/2025\/10\/About-400_380.jpg","width":400,"height":380},{"@type":"BreadcrumbList","@id":"https:\/\/maytech.at\/about\/#breadcrumb","itemListElement":[{"@type":"ListItem","position":1,"name":"Home","item":"https:\/\/maytech.at\/"},{"@type":"ListItem","position":2,"name":"About"}]},{"@type":"WebSite","@id":"https:\/\/maytech.at\/#website","url":"https:\/\/maytech.at\/","name":"Maytech","description":"","potentialAction":[{"@type":"SearchAction","target":{"@type":"EntryPoint","urlTemplate":"https:\/\/maytech.at\/?s={search_term_string}"},"query-input":{"@type":"PropertyValueSpecification","valueRequired":true,"valueName":"search_term_string"}}],"inLanguage":"de-AT"}]}},"uagb_featured_image_src":{"full":["https:\/\/maytech.at\/wp-content\/uploads\/2025\/10\/About-400_380.jpg",400,380,false],"thumbnail":["https:\/\/maytech.at\/wp-content\/uploads\/2025\/10\/About-400_380-150x150.jpg",150,150,true],"medium":["https:\/\/maytech.at\/wp-content\/uploads\/2025\/10\/About-400_380-300x285.jpg",300,285,true],"medium_large":["https:\/\/maytech.at\/wp-content\/uploads\/2025\/10\/About-400_380.jpg",400,380,false],"large":["https:\/\/maytech.at\/wp-content\/uploads\/2025\/10\/About-400_380.jpg",400,380,false],"1536x1536":["https:\/\/maytech.at\/wp-content\/uploads\/2025\/10\/About-400_380.jpg",400,380,false],"2048x2048":["https:\/\/maytech.at\/wp-content\/uploads\/2025\/10\/About-400_380.jpg",400,380,false],"trp-custom-language-flag":["https:\/\/maytech.at\/wp-content\/uploads\/2025\/10\/About-400_380.jpg",13,12,false]},"uagb_author_info":{"display_name":"Maytech","author_link":"https:\/\/maytech.at\/de\/author\/maytech\/"},"uagb_comment_info":0,"uagb_excerpt":"About Us Our Mission To make enterprise-level IT and software solutions accessible, secure, and scalable for businesses of all sizes\u00a0 empowering them to focus on innovation and results. Our Vision To become a trusted European leader in IT modernization, cybersecurity, and intelligent software solutions, bridging digital transformation between Europe and Africa. Our Startup Goals Build&hellip;","_links":{"self":[{"href":"https:\/\/maytech.at\/de\/wp-json\/wp\/v2\/pages\/33","targetHints":{"allow":["GET"]}}],"collection":[{"href":"https:\/\/maytech.at\/de\/wp-json\/wp\/v2\/pages"}],"about":[{"href":"https:\/\/maytech.at\/de\/wp-json\/wp\/v2\/types\/page"}],"author":[{"embeddable":true,"href":"https:\/\/maytech.at\/de\/wp-json\/wp\/v2\/users\/1"}],"replies":[{"embeddable":true,"href":"https:\/\/maytech.at\/de\/wp-json\/wp\/v2\/comments?post=33"}],"version-history":[{"count":134,"href":"https:\/\/maytech.at\/de\/wp-json\/wp\/v2\/pages\/33\/revisions"}],"predecessor-version":[{"id":1205,"href":"https:\/\/maytech.at\/de\/wp-json\/wp\/v2\/pages\/33\/revisions\/1205"}],"wp:featuredmedia":[{"embeddable":true,"href":"https:\/\/maytech.at\/de\/wp-json\/wp\/v2\/media\/38"}],"wp:attachment":[{"href":"https:\/\/maytech.at\/de\/wp-json\/wp\/v2\/media?parent=33"}],"curies":[{"name":"wp","href":"https:\/\/api.w.org\/{rel}","templated":true}]}}